{"id":21845,"date":"2023-04-25T12:52:30","date_gmt":"2023-04-25T12:52:30","guid":{"rendered":"https:\/\/aarhusbibelkirke.dk\/manuel\/?page_id=21845"},"modified":"2024-07-17T16:38:56","modified_gmt":"2024-07-17T16:38:56","slug":"leadership","status":"publish","type":"page","link":"https:\/\/aarhusbibelkirke.dk\/manuel\/en\/leadership\/","title":{"rendered":"Leadership"},"content":{"rendered":"<p><div class=\"fusion-bg-parallax\" data-bg-align=\"center center\" data-direction=\"up\" data-mute=\"false\" data-opacity=\"100\" data-velocity=\"-0.3\" data-mobile-enabled=\"false\" data-break_parents=\"0\" data-bg-image=\"https:\/\/aarhusbibelkirke.dk\/manuel\/wp-content\/uploads\/2022\/12\/Kirkens-lederskab.jpg\" data-bg-repeat=\"false\" data-bg-color=\"#e0ecf0\" ><\/div><div class=\"fusion-fullwidth fullwidth-box fusion-builder-row-1 fusion-flex-container has-pattern-background has-mask-background fusion-parallax-up mik-res-hide nonhundred-percent-fullwidth non-hundred-percent-height-scrolling lazyload\" style=\"--awb-border-radius-top-left:0px;--awb-border-radius-top-right:0px;--awb-border-radius-bottom-right:0px;--awb-border-radius-bottom-left:0px;--awb-padding-top:0px;--awb-padding-bottom:0px;--awb-margin-top:0px;--awb-margin-bottom:0px;--awb-min-height:800px;--awb-background-color:#e0ecf0;--awb-background-size:cover;--awb-flex-wrap:wrap;\" data-bg=\"https:\/\/aarhusbibelkirke.dk\/manuel\/wp-content\/uploads\/2022\/12\/Kirkens-lederskab.jpg\" ><div class=\"fusion-builder-row fusion-row fusion-flex-align-items-flex-start fusion-flex-justify-content-center fusion-flex-content-wrap\" style=\"max-width:1310.4px;margin-left: calc(-4% \/ 2 );margin-right: calc(-4% \/ 2 );\"><div class=\"fusion-layout-column fusion_builder_column fusion-builder-column-0 fusion_builder_column_1_1 1_1 fusion-flex-column fusion-flex-align-self-center\" style=\"--awb-padding-bottom:60px;--awb-bg-size:cover;--awb-width-large:100%;--awb-margin-top-large:300px;--awb-spacing-right-large:1.92%;--awb-margin-bottom-large:0px;--awb-spacing-left-large:1.92%;--awb-width-medium:50%;--awb-order-medium:0;--awb-margin-top-medium:0px;--awb-spacing-right-medium:3.84%;--awb-margin-bottom-medium:20px;--awb-spacing-left-medium:3.84%;--awb-width-small:100%;--awb-order-small:0;--awb-margin-top-small:20px;--awb-spacing-right-small:1.92%;--awb-spacing-left-small:1.92%;\"><div class=\"fusion-column-wrapper fusion-column-has-shadow fusion-flex-justify-content-flex-start fusion-content-layout-row fusion-flex-align-items-flex-end\"><div class=\"fusion-title title fusion-title-1 fusion-sep-none fusion-title-text fusion-title-size-one\" style=\"--awb-text-color:var(--awb-color1);--awb-margin-top:20px;--awb-margin-bottom:16px;--awb-font-size:100px;\"><h1 class=\"fusion-title-heading title-heading-left fusion-responsive-typography-calculated\" style=\"font-family:&quot;Inter&quot;;font-style:normal;font-weight:200;margin:0;font-size:1em;--fontSize:100;line-height:0.8;\"><p>Church<br \/>\n<strong class=\"mik-h1-title\">Leadership<\/strong><\/p><\/h1><\/div><div class=\"fusion-separator fusion-full-width-sep\" style=\"align-self: center;margin-left: auto;margin-right: auto;margin-top:5px;width:100%;\"><\/div><div class=\"fusion-text fusion-text-1\" style=\"--awb-content-alignment:left;--awb-text-color:#ffffff;--awb-text-font-family:&quot;Inter&quot;;--awb-text-font-style:normal;--awb-text-font-weight:400;\"><p>The Chemin is led by biblically qualified elders.<\/p>\n<\/div><\/div><\/div><\/div><\/div><div class=\"fusion-fullwidth fullwidth-box fusion-builder-row-2 fusion-flex-container has-pattern-background has-mask-background fusion-parallax-none mik-desk-hide nonhundred-percent-fullwidth non-hundred-percent-height-scrolling lazyload\" style=\"--awb-border-radius-top-left:0px;--awb-border-radius-top-right:0px;--awb-border-radius-bottom-right:0px;--awb-border-radius-bottom-left:0px;--awb-padding-top:0px;--awb-padding-bottom:0px;--awb-margin-top:0px;--awb-margin-bottom:0px;--awb-min-height:800px;--awb-min-height-small:700px;--awb-background-color:#e0ecf0;--awb-background-size:cover;--awb-flex-wrap:wrap;\" data-bg=\"https:\/\/aarhusbibelkirke.dk\/manuel\/wp-content\/uploads\/2022\/12\/Kirkens-lederskab.jpg\" ><div class=\"fusion-builder-row fusion-row fusion-flex-align-items-flex-start fusion-flex-justify-content-center fusion-flex-content-wrap\" style=\"max-width:1310.4px;margin-left: calc(-4% \/ 2 );margin-right: calc(-4% \/ 2 );\"><div class=\"fusion-layout-column fusion_builder_column fusion-builder-column-1 fusion_builder_column_1_1 1_1 fusion-flex-column fusion-flex-align-self-center\" style=\"--awb-padding-top:100px;--awb-padding-bottom:80px;--awb-bg-size:cover;--awb-width-large:100%;--awb-margin-top-large:0px;--awb-spacing-right-large:1.92%;--awb-margin-bottom-large:0px;--awb-spacing-left-large:1.92%;--awb-width-medium:50%;--awb-order-medium:0;--awb-margin-top-medium:0px;--awb-spacing-right-medium:3.84%;--awb-margin-bottom-medium:20px;--awb-spacing-left-medium:3.84%;--awb-width-small:100%;--awb-order-small:0;--awb-spacing-right-small:1.92%;--awb-spacing-left-small:1.92%;\"><div class=\"fusion-column-wrapper fusion-column-has-shadow fusion-flex-justify-content-center fusion-content-layout-column\"><div class=\"fusion-title title fusion-title-2 fusion-sep-none fusion-title-text fusion-title-size-one\" style=\"--awb-text-color:var(--awb-color1);--awb-margin-top:20px;--awb-margin-bottom:16px;--awb-font-size:60px;\"><h1 class=\"fusion-title-heading title-heading-left fusion-responsive-typography-calculated\" style=\"font-family:&quot;Inter&quot;;font-style:normal;font-weight:200;margin:0;font-size:1em;--fontSize:60;line-height:0.83;\"><p>Church<br \/>\n<strong class=\"mik-h1-title\">Leadership<\/strong><\/p><\/h1><\/div><div class=\"fusion-separator fusion-full-width-sep\" style=\"align-self: center;margin-left: auto;margin-right: auto;margin-top:5px;width:100%;\"><\/div><div class=\"fusion-text fusion-text-2\" style=\"--awb-content-alignment:left;--awb-text-color:#ffffff;--awb-text-font-family:&quot;Inter&quot;;--awb-text-font-style:normal;--awb-text-font-weight:400;\"><p>The Chemin is led by biblically qualified elders.<\/p>\n<\/div><\/div><\/div><\/div><\/div><div id=\"velkommen\" class=\"fusion-container-anchor\"><div class=\"fusion-fullwidth fullwidth-box fusion-builder-row-3 fusion-flex-container has-pattern-background has-mask-background nonhundred-percent-fullwidth non-hundred-percent-height-scrolling\" style=\"--awb-border-radius-top-left:0px;--awb-border-radius-top-right:0px;--awb-border-radius-bottom-right:0px;--awb-border-radius-bottom-left:0px;--awb-padding-top:120px;--awb-padding-bottom:110px;--awb-padding-top-medium:80px;--awb-padding-top-small:60px;--awb-padding-bottom-small:60px;--awb-flex-wrap:wrap;\" ><div class=\"fusion-builder-row fusion-row fusion-flex-align-items-stretch fusion-flex-content-wrap\" style=\"max-width:1310.4px;margin-left: calc(-4% \/ 2 );margin-right: calc(-4% \/ 2 );\"><div class=\"fusion-layout-column fusion_builder_column fusion-builder-column-2 fusion_builder_column_3_5 3_5 fusion-flex-column fusion-flex-align-self-center\" style=\"--awb-bg-size:cover;--awb-width-large:60%;--awb-margin-top-large:20px;--awb-spacing-right-large:12.8%;--awb-margin-bottom-large:20px;--awb-spacing-left-large:9.6%;--awb-width-medium:50%;--awb-order-medium:0;--awb-spacing-right-medium:15.36%;--awb-spacing-left-medium:11.52%;--awb-width-small:100%;--awb-order-small:0;--awb-spacing-right-small:1.92%;--awb-margin-bottom-small:0px;--awb-spacing-left-small:1.92%;\"><div class=\"fusion-column-wrapper fusion-column-has-shadow fusion-flex-justify-content-center fusion-content-layout-column\"><div class=\"fusion-title title fusion-title-3 fusion-sep-none fusion-title-text fusion-title-size-four\" style=\"--awb-text-color:#cb2536;--awb-margin-top:0px;--awb-margin-bottom:0px;--awb-margin-bottom-small:0px;\"><h4 class=\"fusion-title-heading title-heading-left fusion-responsive-typography-calculated\" style=\"margin:0;--fontSize:24;--minFontSize:24;line-height:1.42;\"><span style=\"color: #c4a469;\">Elders<\/span><\/h4><\/div><div class=\"fusion-title title fusion-title-4 fusion-sep-none fusion-title-text fusion-title-size-two\" style=\"--awb-text-color:var(--awb-custom18);--awb-margin-top:0px;--awb-margin-bottom:50px;--awb-margin-bottom-small:30px;--awb-font-size:80px;\"><h2 class=\"fusion-title-heading title-heading-left fusion-responsive-typography-calculated\" style=\"margin:0;font-size:1em;--fontSize:80;line-height:1.2;\">Teaching elder<\/h2><\/div><div class=\"fusion-text fusion-text-3\" style=\"--awb-text-transform:none;--awb-text-color:var(--awb-custom18);\"><p>Manuel Brambila is the teaching elder, responsible for preaching almost every Sunday.<\/p>\n<p>Born in Mexico, Manuel was born again in Montreal, Canada, and has lived in Cannes for over 20 years with his wife and two sons, who also serve in the church plant.<\/p>\n<p>He studied theology and pastoral ministry for 4 years at the London Reformed Baptist Seminary (Spurgeon&#8217;s) and then completed a Master of Divinity with The Master&#8217;s Academy International, through the EBTC in Berlin.<\/p>\n<p>Manuel is a teacher and speaker for Living Waters Europe and Grace to You Europe.<\/p>\n<\/div><\/div><\/div><div class=\"fusion-layout-column fusion_builder_column fusion-builder-column-3 fusion_builder_column_2_5 2_5 fusion-flex-column fusion-flex-align-self-center\" style=\"--awb-bg-position:center top;--awb-bg-size:cover;--awb-width-large:40%;--awb-margin-top-large:10px;--awb-spacing-right-large:4.8%;--awb-margin-bottom-large:10px;--awb-spacing-left-large:4.8%;--awb-width-medium:50%;--awb-order-medium:0;--awb-spacing-right-medium:3.84%;--awb-spacing-left-medium:3.84%;--awb-width-small:100%;--awb-order-small:0;--awb-spacing-right-small:1.92%;--awb-spacing-left-small:1.92%;\"><div class=\"fusion-column-wrapper fusion-column-has-shadow fusion-flex-justify-content-center fusion-content-layout-column\"><div class=\"fusion-image-element \" style=\"text-align:center;--awb-max-width:400px;--awb-caption-title-font-family:var(--h2_typography-font-family);--awb-caption-title-font-weight:var(--h2_typography-font-weight);--awb-caption-title-font-style:var(--h2_typography-font-style);--awb-caption-title-size:var(--h2_typography-font-size);--awb-caption-title-transform:var(--h2_typography-text-transform);--awb-caption-title-line-height:var(--h2_typography-line-height);--awb-caption-title-letter-spacing:var(--h2_typography-letter-spacing);\"><span class=\" fusion-imageframe imageframe-none imageframe-1 hover-type-none\" style=\"border-radius:12px;\"><img decoding=\"async\" width=\"400\" height=\"400\" title=\"IMG_9648 2\" src=\"https:\/\/aarhusbibelkirke.dk\/manuel\/wp-content\/uploads\/2024\/06\/IMG_9648-2.jpg\" data-orig-src=\"https:\/\/aarhusbibelkirke.dk\/manuel\/wp-content\/uploads\/2024\/06\/IMG_9648-2.jpg\" alt class=\"lazyload img-responsive wp-image-22234\" srcset=\"data:image\/svg+xml,%3Csvg%20xmlns%3D%27http%3A%2F%2Fwww.w3.org%2F2000%2Fsvg%27%20width%3D%27400%27%20height%3D%27400%27%20viewBox%3D%270%200%20400%20400%27%3E%3Crect%20width%3D%27400%27%20height%3D%27400%27%20fill-opacity%3D%220%22%2F%3E%3C%2Fsvg%3E\" data-srcset=\"https:\/\/aarhusbibelkirke.dk\/manuel\/wp-content\/uploads\/2024\/06\/IMG_9648-2-200x200.jpg 200w, https:\/\/aarhusbibelkirke.dk\/manuel\/wp-content\/uploads\/2024\/06\/IMG_9648-2.jpg 400w\" data-sizes=\"auto\" data-orig-sizes=\"(max-width: 640px) 100vw, 400px\" \/><\/span><\/div><\/div><\/div><\/div><\/div><\/div><div class=\"fusion-fullwidth fullwidth-box fusion-builder-row-4 fusion-flex-container has-pattern-background has-mask-background nonhundred-percent-fullwidth non-hundred-percent-height-scrolling\" style=\"--awb-border-radius-top-left:0px;--awb-border-radius-top-right:0px;--awb-border-radius-bottom-right:0px;--awb-border-radius-bottom-left:0px;--awb-padding-top:120px;--awb-padding-bottom:120px;--awb-padding-top-medium:72px;--awb-padding-bottom-medium:72px;--awb-padding-top-small:60px;--awb-padding-bottom-small:48px;--awb-background-color:#f7f7f7;--awb-flex-wrap:wrap;\" ><div class=\"fusion-builder-row fusion-row fusion-flex-align-items-center fusion-flex-justify-content-center fusion-flex-content-wrap\" style=\"max-width:1310.4px;margin-left: calc(-4% \/ 2 );margin-right: calc(-4% \/ 2 );\"><div class=\"fusion-layout-column fusion_builder_column fusion-builder-column-4 fusion_builder_column_1_2 1_2 fusion-flex-column\" style=\"--awb-bg-position:center top;--awb-bg-size:cover;--awb-width-large:50%;--awb-margin-top-large:10px;--awb-spacing-right-large:3.84%;--awb-margin-bottom-large:10px;--awb-spacing-left-large:3.84%;--awb-width-medium:50%;--awb-order-medium:0;--awb-spacing-right-medium:3.84%;--awb-spacing-left-medium:3.84%;--awb-width-small:100%;--awb-order-small:0;--awb-spacing-right-small:1.92%;--awb-spacing-left-small:1.92%;\"><div class=\"fusion-column-wrapper fusion-column-has-shadow fusion-flex-justify-content-center fusion-content-layout-column\"><div class=\"fusion-title title fusion-title-5 fusion-sep-none fusion-title-center fusion-title-text fusion-title-size-three\" style=\"--awb-text-color:#282828;--awb-margin-top:0px;--awb-margin-bottom:16px;--awb-font-size:50px;\"><h3 class=\"fusion-title-heading title-heading-center fusion-responsive-typography-calculated\" style=\"margin:0;font-size:1em;--fontSize:50;line-height:1.3;\">Do you have any questions?<\/h3><\/div><div class=\"fusion-text fusion-text-4\" style=\"--awb-content-alignment:center;--awb-font-size:25px;--awb-line-height:40px;--awb-text-color:#282828;\"><p>You are more than welcome to contact us if you have any questions or just to say &#8220;bonjour.&#8221;<\/p>\n<\/div><div style=\"text-align:center;\"><a class=\"fusion-button button-flat button-xlarge button-custom fusion-button-default button-1 fusion-button-span-no fusion-button-default-type\" style=\"--button_accent_color:#ffffff;--button_border_color:var(--awb-color1);--button_accent_hover_color:#ffffff;--button_border_hover_color:var(--awb-color1);--button_gradient_top_color:#c4a469;--button_gradient_bottom_color:#c4a469;--button_gradient_top_color_hover:rgba(196,164,105,0.85);--button_gradient_bottom_color_hover:rgba(196,164,105,0.85);--button_margin-top:15px;\" target=\"_blank\" rel=\"noopener noreferrer\" href=\"https:\/\/aarhusbibelkirke.dk\/manuel\/en\/contact\/\"><i class=\"icon-smile-o button-icon-left\" aria-hidden=\"true\"><\/i><span class=\"fusion-button-text\">Contact Us<\/span><\/a><\/div><\/div><\/div><\/div><\/div><\/p>\n","protected":false},"excerpt":{"rendered":"","protected":false},"author":1,"featured_media":0,"parent":21728,"menu_order":0,"comment_status":"closed","ping_status":"closed","template":"100-width.php","meta":{"_acf_changed":false,"footnotes":""},"class_list":["post-21845","page","type-page","status-publish","hentry"],"acf":[],"yoast_head":"<!-- This site is optimized with the Yoast SEO plugin v27.4 - https:\/\/yoast.com\/product\/yoast-seo-wordpress\/ -->\n<title>Leadership | Le Chemin<\/title>\n<meta name=\"robots\" content=\"index, follow, max-snippet:-1, max-image-preview:large, max-video-preview:-1\" \/>\n<link rel=\"canonical\" href=\"https:\/\/aarhusbibelkirke.dk\/manuel\/en\/leadership\/\" \/>\n<meta property=\"og:locale\" content=\"en_US\" \/>\n<meta property=\"og:type\" content=\"article\" \/>\n<meta property=\"og:title\" content=\"Leadership | Le Chemin\" \/>\n<meta property=\"og:url\" content=\"https:\/\/aarhusbibelkirke.dk\/manuel\/en\/leadership\/\" \/>\n<meta property=\"og:site_name\" content=\"Le Chemin\" \/>\n<meta property=\"article:publisher\" content=\"https:\/\/www.facebook.com\/aarhusbibelkirke\" \/>\n<meta property=\"article:modified_time\" content=\"2024-07-17T16:38:56+00:00\" \/>\n<meta name=\"twitter:card\" content=\"summary_large_image\" \/>\n<meta name=\"twitter:label1\" content=\"Est. reading time\" \/>\n\t<meta name=\"twitter:data1\" content=\"1 minute\" \/>\n<script type=\"application\/ld+json\" class=\"yoast-schema-graph\">{\"@context\":\"https:\\\/\\\/schema.org\",\"@graph\":[{\"@type\":\"WebPage\",\"@id\":\"https:\\\/\\\/aarhusbibelkirke.dk\\\/manuel\\\/en\\\/leadership\\\/\",\"url\":\"https:\\\/\\\/aarhusbibelkirke.dk\\\/manuel\\\/en\\\/leadership\\\/\",\"name\":\"Leadership | Le Chemin\",\"isPartOf\":{\"@id\":\"https:\\\/\\\/aarhusbibelkirke.dk\\\/manuel\\\/#website\"},\"datePublished\":\"2023-04-25T12:52:30+00:00\",\"dateModified\":\"2024-07-17T16:38:56+00:00\",\"breadcrumb\":{\"@id\":\"https:\\\/\\\/aarhusbibelkirke.dk\\\/manuel\\\/en\\\/leadership\\\/#breadcrumb\"},\"inLanguage\":\"en-US\",\"potentialAction\":[{\"@type\":\"ReadAction\",\"target\":[\"https:\\\/\\\/aarhusbibelkirke.dk\\\/manuel\\\/en\\\/leadership\\\/\"]}]},{\"@type\":\"BreadcrumbList\",\"@id\":\"https:\\\/\\\/aarhusbibelkirke.dk\\\/manuel\\\/en\\\/leadership\\\/#breadcrumb\",\"itemListElement\":[{\"@type\":\"ListItem\",\"position\":1,\"name\":\"Home\",\"item\":\"https:\\\/\\\/aarhusbibelkirke.dk\\\/manuel\\\/\"},{\"@type\":\"ListItem\",\"position\":2,\"name\":\"Le Chemin (EN)\",\"item\":\"https:\\\/\\\/aarhusbibelkirke.dk\\\/manuel\\\/en\\\/\"},{\"@type\":\"ListItem\",\"position\":3,\"name\":\"Leadership\"}]},{\"@type\":\"WebSite\",\"@id\":\"https:\\\/\\\/aarhusbibelkirke.dk\\\/manuel\\\/#website\",\"url\":\"https:\\\/\\\/aarhusbibelkirke.dk\\\/manuel\\\/\",\"name\":\"Le Chemin\",\"description\":\"Une implantation d&#039;\u00e9glise qui a la parole de Dieu au centre pour exalter le Christ, atteindre les perdus et \u00e9difier les chr\u00e9tiens.\",\"publisher\":{\"@id\":\"https:\\\/\\\/aarhusbibelkirke.dk\\\/manuel\\\/#organization\"},\"potentialAction\":[{\"@type\":\"SearchAction\",\"target\":{\"@type\":\"EntryPoint\",\"urlTemplate\":\"https:\\\/\\\/aarhusbibelkirke.dk\\\/manuel\\\/?s={search_term_string}\"},\"query-input\":{\"@type\":\"PropertyValueSpecification\",\"valueRequired\":true,\"valueName\":\"search_term_string\"}}],\"inLanguage\":\"en-US\"},{\"@type\":\"Organization\",\"@id\":\"https:\\\/\\\/aarhusbibelkirke.dk\\\/manuel\\\/#organization\",\"name\":\"Aarhus Bibelkirke\",\"url\":\"https:\\\/\\\/aarhusbibelkirke.dk\\\/manuel\\\/\",\"logo\":{\"@type\":\"ImageObject\",\"inLanguage\":\"en-US\",\"@id\":\"https:\\\/\\\/aarhusbibelkirke.dk\\\/manuel\\\/#\\\/schema\\\/logo\\\/image\\\/\",\"url\":\"https:\\\/\\\/aarhusbibelkirke.dk\\\/manuel\\\/wp-content\\\/uploads\\\/2022\\\/08\\\/Unknown.png\",\"contentUrl\":\"https:\\\/\\\/aarhusbibelkirke.dk\\\/manuel\\\/wp-content\\\/uploads\\\/2022\\\/08\\\/Unknown.png\",\"width\":1920,\"height\":1080,\"caption\":\"Aarhus Bibelkirke\"},\"image\":{\"@id\":\"https:\\\/\\\/aarhusbibelkirke.dk\\\/manuel\\\/#\\\/schema\\\/logo\\\/image\\\/\"},\"sameAs\":[\"https:\\\/\\\/www.facebook.com\\\/aarhusbibelkirke\",\"https:\\\/\\\/www.instagram.com\\\/aarhusbibelkirke\"]}]}<\/script>\n<!-- \/ Yoast SEO plugin. -->","yoast_head_json":{"title":"Leadership | Le Chemin","robots":{"index":"index","follow":"follow","max-snippet":"max-snippet:-1","max-image-preview":"max-image-preview:large","max-video-preview":"max-video-preview:-1"},"canonical":"https:\/\/aarhusbibelkirke.dk\/manuel\/en\/leadership\/","og_locale":"en_US","og_type":"article","og_title":"Leadership | Le Chemin","og_url":"https:\/\/aarhusbibelkirke.dk\/manuel\/en\/leadership\/","og_site_name":"Le Chemin","article_publisher":"https:\/\/www.facebook.com\/aarhusbibelkirke","article_modified_time":"2024-07-17T16:38:56+00:00","twitter_card":"summary_large_image","twitter_misc":{"Est. reading time":"1 minute"},"schema":{"@context":"https:\/\/schema.org","@graph":[{"@type":"WebPage","@id":"https:\/\/aarhusbibelkirke.dk\/manuel\/en\/leadership\/","url":"https:\/\/aarhusbibelkirke.dk\/manuel\/en\/leadership\/","name":"Leadership | Le Chemin","isPartOf":{"@id":"https:\/\/aarhusbibelkirke.dk\/manuel\/#website"},"datePublished":"2023-04-25T12:52:30+00:00","dateModified":"2024-07-17T16:38:56+00:00","breadcrumb":{"@id":"https:\/\/aarhusbibelkirke.dk\/manuel\/en\/leadership\/#breadcrumb"},"inLanguage":"en-US","potentialAction":[{"@type":"ReadAction","target":["https:\/\/aarhusbibelkirke.dk\/manuel\/en\/leadership\/"]}]},{"@type":"BreadcrumbList","@id":"https:\/\/aarhusbibelkirke.dk\/manuel\/en\/leadership\/#breadcrumb","itemListElement":[{"@type":"ListItem","position":1,"name":"Home","item":"https:\/\/aarhusbibelkirke.dk\/manuel\/"},{"@type":"ListItem","position":2,"name":"Le Chemin (EN)","item":"https:\/\/aarhusbibelkirke.dk\/manuel\/en\/"},{"@type":"ListItem","position":3,"name":"Leadership"}]},{"@type":"WebSite","@id":"https:\/\/aarhusbibelkirke.dk\/manuel\/#website","url":"https:\/\/aarhusbibelkirke.dk\/manuel\/","name":"Le Chemin","description":"Une implantation d&#039;\u00e9glise qui a la parole de Dieu au centre pour exalter le Christ, atteindre les perdus et \u00e9difier les chr\u00e9tiens.","publisher":{"@id":"https:\/\/aarhusbibelkirke.dk\/manuel\/#organization"},"potentialAction":[{"@type":"SearchAction","target":{"@type":"EntryPoint","urlTemplate":"https:\/\/aarhusbibelkirke.dk\/manuel\/?s={search_term_string}"},"query-input":{"@type":"PropertyValueSpecification","valueRequired":true,"valueName":"search_term_string"}}],"inLanguage":"en-US"},{"@type":"Organization","@id":"https:\/\/aarhusbibelkirke.dk\/manuel\/#organization","name":"Aarhus Bibelkirke","url":"https:\/\/aarhusbibelkirke.dk\/manuel\/","logo":{"@type":"ImageObject","inLanguage":"en-US","@id":"https:\/\/aarhusbibelkirke.dk\/manuel\/#\/schema\/logo\/image\/","url":"https:\/\/aarhusbibelkirke.dk\/manuel\/wp-content\/uploads\/2022\/08\/Unknown.png","contentUrl":"https:\/\/aarhusbibelkirke.dk\/manuel\/wp-content\/uploads\/2022\/08\/Unknown.png","width":1920,"height":1080,"caption":"Aarhus Bibelkirke"},"image":{"@id":"https:\/\/aarhusbibelkirke.dk\/manuel\/#\/schema\/logo\/image\/"},"sameAs":["https:\/\/www.facebook.com\/aarhusbibelkirke","https:\/\/www.instagram.com\/aarhusbibelkirke"]}]}},"_links":{"self":[{"href":"https:\/\/aarhusbibelkirke.dk\/manuel\/wp-json\/wp\/v2\/pages\/21845","targetHints":{"allow":["GET"]}}],"collection":[{"href":"https:\/\/aarhusbibelkirke.dk\/manuel\/wp-json\/wp\/v2\/pages"}],"about":[{"href":"https:\/\/aarhusbibelkirke.dk\/manuel\/wp-json\/wp\/v2\/types\/page"}],"author":[{"embeddable":true,"href":"https:\/\/aarhusbibelkirke.dk\/manuel\/wp-json\/wp\/v2\/users\/1"}],"replies":[{"embeddable":true,"href":"https:\/\/aarhusbibelkirke.dk\/manuel\/wp-json\/wp\/v2\/comments?post=21845"}],"version-history":[{"count":2,"href":"https:\/\/aarhusbibelkirke.dk\/manuel\/wp-json\/wp\/v2\/pages\/21845\/revisions"}],"predecessor-version":[{"id":22286,"href":"https:\/\/aarhusbibelkirke.dk\/manuel\/wp-json\/wp\/v2\/pages\/21845\/revisions\/22286"}],"up":[{"embeddable":true,"href":"https:\/\/aarhusbibelkirke.dk\/manuel\/wp-json\/wp\/v2\/pages\/21728"}],"wp:attachment":[{"href":"https:\/\/aarhusbibelkirke.dk\/manuel\/wp-json\/wp\/v2\/media?parent=21845"}],"curies":[{"name":"wp","href":"https:\/\/api.w.org\/{rel}","templated":true}]}}